{"id":491,"date":"2018-11-24T12:04:53","date_gmt":"2018-11-24T12:04:53","guid":{"rendered":"http:\/\/pluginspoint.com\/dustrial\/?page_id=491"},"modified":"2026-02-19T06:19:53","modified_gmt":"2026-02-19T06:19:53","slug":"iletisim","status":"publish","type":"page","link":"https:\/\/www.murasgrup.com\/index.php\/iletisim\/","title":{"rendered":"\u0130leti\u015fim"},"content":{"rendered":"<div class=\"wpb-content-wrapper\"><p>[vc_row css=&#8221;.vc_custom_1546075957443{padding-top: 100px !important;padding-bottom: 100px !important;}&#8221; el_class=&#8221;contact-page&#8221;][vc_column width=&#8221;1\/3&#8243; el_class=&#8221;contact-address-left&#8221;]  <div class=\"block contact_address\">\n    <div class=\"title\">\n      <h4>\u0130leti\u015fim<\/h4>\n      <h1><\/h1>\n    <\/div>\n\n    \n      <div class=\"media border-bottom contact-media\">\n        <span class=\"info-icon\"><i class=\"dustrial-icon fa fa-phone\"><\/i><\/span>\n        <div class=\"media-body\">\n          <h5 class=\"mt-0 mb-0\">Telefon <\/h5>\n                      <a href=\"tel:+ (90) 533 042 68 59\">+ (90) 533 042 68 59<\/a>\n                  <\/div>\n      <\/div>\n    \n      <div class=\"media border-bottom contact-media\">\n        <span class=\"info-icon\"><i class=\"dustrial-icon fa fa-envelope\"><\/i><\/span>\n        <div class=\"media-body\">\n          <h5 class=\"mt-0 mb-0\">Email Adresi:<\/h5>\n                    <a href=\"mailto:info@murasgrup.com\">info@murasgrup.com<\/a>\n                  <\/div>\n      <\/div>\n    \n      <div class=\"media border-bottom contact-media\">\n        <span class=\"info-icon\"><i class=\"dustrial-icon fa fa-map-marker\"><\/i><\/span>\n        <div class=\"media-body\">\n          <h5 class=\"mt-0 mb-0\">Firma Adresi<\/h5>\n          \u0130kitelli OSB. Mah Dersan A Blk. No:1 \u0130\u00e7 Kap\u0131 No: 090 Ba\u015fak\u015fehir\/\u0130stanbul        <\/div>\n      <\/div>\n          <div class=\"contact-social-info\">\n                  <a href=\"#\"><i class=\"dustrial-icon fa fa-facebook-f\" aria-hidden=\"true\"><\/i><\/a>\n                  <a href=\"#\"><i class=\"dustrial-icon fa fa-twitter\" aria-hidden=\"true\"><\/i><\/a>\n                  <a href=\"#\"><i class=\"dustrial-icon fa fa-instagram\" aria-hidden=\"true\"><\/i><\/a>\n                  <a href=\"#\"><i class=\"dustrial-icon fa fa-skype\" aria-hidden=\"true\"><\/i><\/a>\n              <\/div>\n    \n  <\/div>\n\n  [\/vc_column][vc_column width=&#8221;2\/3&#8243; el_class=&#8221;contact-page-form&#8221;]\n<div class=\"wpcf7 no-js\" id=\"wpcf7-f187-o1\" lang=\"en-US\" dir=\"ltr\" data-wpcf7-id=\"187\">\n<div class=\"screen-reader-response\"><p role=\"status\" aria-live=\"polite\" aria-atomic=\"true\"><\/p> <ul><\/ul><\/div>\n<form action=\"\/index.php\/wp-json\/wp\/v2\/pages\/491#wpcf7-f187-o1\" method=\"post\" class=\"wpcf7-form init\" aria-label=\"Contact form\" novalidate=\"novalidate\" data-status=\"init\">\n<fieldset class=\"hidden-fields-container\"><input type=\"hidden\" name=\"_wpcf7\" value=\"187\" \/><input type=\"hidden\" name=\"_wpcf7_version\" value=\"6.1.5\" \/><input type=\"hidden\" name=\"_wpcf7_locale\" value=\"en_US\" \/><input type=\"hidden\" name=\"_wpcf7_unit_tag\" value=\"wpcf7-f187-o1\" \/><input type=\"hidden\" name=\"_wpcf7_container_post\" value=\"0\" \/><input type=\"hidden\" name=\"_wpcf7_posted_data_hash\" value=\"\" \/>\n<\/fieldset>\n<div class=\"contact-feedback-block\">\n\t<div class=\"form-row\">\n\t\t<div class=\"form-group col-md-6 pr-lg-3\">\n\t\t\t<p><span class=\"wpcf7-form-control-wrap\" data-name=\"your-name\"><input size=\"40\" maxlength=\"400\" class=\"wpcf7-form-control wpcf7-text wpcf7-validates-as-required form-control rounded-0\" aria-required=\"true\" aria-invalid=\"false\" placeholder=\"\u0130sim*\" value=\"\" type=\"text\" name=\"your-name\" \/><\/span>\n\t\t\t<\/p>\n\t\t<\/div>\n\t\t<div class=\"form-group col-md-6\">\n\t\t\t<p><span class=\"wpcf7-form-control-wrap\" data-name=\"last-name\"><input size=\"40\" maxlength=\"400\" class=\"wpcf7-form-control wpcf7-text wpcf7-validates-as-required form-control rounded-0\" aria-required=\"true\" aria-invalid=\"false\" placeholder=\"Soyisim*\" value=\"\" type=\"text\" name=\"last-name\" \/><\/span>\n\t\t\t<\/p>\n\t\t<\/div>\n\t\t<div class=\"form-group col-md-6 pr-lg-3\">\n\t\t\t<p><span class=\"wpcf7-form-control-wrap\" data-name=\"your-email\"><input size=\"40\" maxlength=\"400\" class=\"wpcf7-form-control wpcf7-email wpcf7-validates-as-required wpcf7-text wpcf7-validates-as-email form-control rounded-0\" aria-required=\"true\" aria-invalid=\"false\" placeholder=\"Email Adresi\" value=\"\" type=\"email\" name=\"your-email\" \/><\/span>\n\t\t\t<\/p>\n\t\t<\/div>\n\t\t<div class=\"form-group col-md-6\">\n\t\t\t<p><span class=\"wpcf7-form-control-wrap\" data-name=\"your-phone\"><input size=\"40\" maxlength=\"400\" class=\"wpcf7-form-control wpcf7-text wpcf7-validates-as-required form-control rounded-0\" aria-required=\"true\" aria-invalid=\"false\" placeholder=\"Telefon\" value=\"\" type=\"text\" name=\"your-phone\" \/><\/span>\n\t\t\t<\/p>\n\t\t<\/div>\n\t<\/div>\n\t<div class=\"form-group\">\n\t\t<p><span class=\"wpcf7-form-control-wrap\" data-name=\"your-message\"><textarea cols=\"80\" rows=\"5\" maxlength=\"2000\" class=\"wpcf7-form-control wpcf7-textarea form-control rounded-0\" aria-invalid=\"false\" placeholder=\"Mesaj\u0131n\u0131z?\" name=\"your-message\"><\/textarea><\/span>\n\t\t<\/p>\n\t<\/div>\n\t<p><button type=\"submit\" class=\"get_quote_btn\">Gonder<\/button>\n\t<\/p>\n<\/div><div class=\"wpcf7-response-output\" aria-hidden=\"true\"><\/div>\n<\/form>\n<\/div>\n[\/vc_column][\/vc_row][vc_row][vc_column][vc_goo_maps location=&#8221;Dersan Koop B Blok Sk. 1,\u0130stanbul, Ba\u015fak\u015fehir T\u00fcrkiye&#8221;][\/vc_column][\/vc_row]<\/p>\n<\/div>","protected":false},"excerpt":{"rendered":"<p>[vc_row css=&#8221;.vc_custom_1546075957443{padding-top: 100px !important;padding-bottom: 100px !important;}&#8221; el_class=&#8221;contact-page&#8221;][vc_column width=&#8221;1\/3&#8243; el_class=&#8221;contact-address-left&#8221;][\/vc_column][vc_column width=&#8221;2\/3&#8243; el_class=&#8221;contact-page-form&#8221;][\/vc_column][\/vc_row][vc_row][vc_column][vc_goo_maps location=&#8221;Dersan Koop B Blok Sk. 1,\u0130stanbul, Ba\u015fak\u015fehir T\u00fcrkiye&#8221;][\/vc_column][\/vc_row]<\/p>\n","protected":false},"author":1,"featured_media":0,"parent":0,"menu_order":0,"comment_status":"closed","ping_status":"closed","template":"page-template\/blank-page-sidebar.php","meta":{"footnotes":""},"class_list":["post-491","page","type-page","status-publish","hentry"],"_links":{"self":[{"href":"https:\/\/www.murasgrup.com\/index.php\/wp-json\/wp\/v2\/pages\/491","targetHints":{"allow":["GET"]}}],"collection":[{"href":"https:\/\/www.murasgrup.com\/index.php\/wp-json\/wp\/v2\/pages"}],"about":[{"href":"https:\/\/www.murasgrup.com\/index.php\/wp-json\/wp\/v2\/types\/page"}],"author":[{"embeddable":true,"href":"https:\/\/www.murasgrup.com\/index.php\/wp-json\/wp\/v2\/users\/1"}],"replies":[{"embeddable":true,"href":"https:\/\/www.murasgrup.com\/index.php\/wp-json\/wp\/v2\/comments?post=491"}],"version-history":[{"count":6,"href":"https:\/\/www.murasgrup.com\/index.php\/wp-json\/wp\/v2\/pages\/491\/revisions"}],"predecessor-version":[{"id":2452,"href":"https:\/\/www.murasgrup.com\/index.php\/wp-json\/wp\/v2\/pages\/491\/revisions\/2452"}],"wp:attachment":[{"href":"https:\/\/www.murasgrup.com\/index.php\/wp-json\/wp\/v2\/media?parent=491"}],"curies":[{"name":"wp","href":"https:\/\/api.w.org\/{rel}","templated":true}]}}